{"id":1476,"date":"2021-11-10T16:16:50","date_gmt":"2021-11-10T16:16:50","guid":{"rendered":"https:\/\/greentool.pt\/contact\/"},"modified":"2021-11-24T14:43:49","modified_gmt":"2021-11-24T14:43:49","slug":"contact","status":"publish","type":"page","link":"https:\/\/greentool.pt\/en\/contact\/","title":{"rendered":"Contact"},"content":{"rendered":"\t\t<div data-elementor-type=\"wp-page\" data-elementor-id=\"1476\" class=\"elementor elementor-1476 elementor-39\">\n\t\t\t\t\t\t\t\t\t<section class=\"elementor-section elementor-top-section elementor-element elementor-element-115b72e8 elementor-section-boxed elementor-section-height-default elementor-section-height-default\" data-id=\"115b72e8\" data-element_type=\"section\">\n\t\t\t\t\t\t\t<div class=\"elementor-background-overlay\"><\/div>\n\t\t\t\t\t\t\t<div class=\"elementor-container elementor-column-gap-default\">\n\t\t\t\t\t<div class=\"elementor-column elementor-col-100 elementor-top-column elementor-element elementor-element-5ad2aee7\" data-id=\"5ad2aee7\" data-element_type=\"column\">\n\t\t\t<div class=\"elementor-widget-wrap elementor-element-populated\">\n\t\t\t\t\t\t\t\t<div class=\"elementor-element elementor-element-bcd075b animated-fast elementor-invisible elementor-widget elementor-widget-heading\" data-id=\"bcd075b\" data-element_type=\"widget\" data-settings=\"{&quot;_animation&quot;:&quot;fadeInUp&quot;}\" data-widget_type=\"heading.default\">\n\t\t\t\t<div class=\"elementor-widget-container\">\n\t\t\t<style>\/*! elementor - v3.8.0 - 30-10-2022 *\/\n.elementor-heading-title{padding:0;margin:0;line-height:1}.elementor-widget-heading .elementor-heading-title[class*=elementor-size-]>a{color:inherit;font-size:inherit;line-height:inherit}.elementor-widget-heading .elementor-heading-title.elementor-size-small{font-size:15px}.elementor-widget-heading .elementor-heading-title.elementor-size-medium{font-size:19px}.elementor-widget-heading .elementor-heading-title.elementor-size-large{font-size:29px}.elementor-widget-heading .elementor-heading-title.elementor-size-xl{font-size:39px}.elementor-widget-heading .elementor-heading-title.elementor-size-xxl{font-size:59px}<\/style><h2 class=\"elementor-heading-title elementor-size-default\">Talk to us<br><\/h2>\t\t<\/div>\n\t\t\t\t<\/div>\n\t\t\t\t<section class=\"elementor-section elementor-inner-section elementor-element elementor-element-e3c6fb1 elementor-section-boxed elementor-section-height-default elementor-section-height-default\" data-id=\"e3c6fb1\" data-element_type=\"section\">\n\t\t\t\t\t\t<div class=\"elementor-container elementor-column-gap-default\">\n\t\t\t\t\t<div class=\"elementor-column elementor-col-33 elementor-inner-column elementor-element elementor-element-2632f7b\" data-id=\"2632f7b\" data-element_type=\"column\">\n\t\t\t<div class=\"elementor-widget-wrap elementor-element-populated\">\n\t\t\t\t\t\t\t\t<div class=\"elementor-element elementor-element-20c68d0 elementor-widget elementor-widget-text-editor\" data-id=\"20c68d0\" data-element_type=\"widget\" data-widget_type=\"text-editor.default\">\n\t\t\t\t<div class=\"elementor-widget-container\">\n\t\t\t<style>\/*! elementor - v3.8.0 - 30-10-2022 *\/\n.elementor-widget-text-editor.elementor-drop-cap-view-stacked .elementor-drop-cap{background-color:#818a91;color:#fff}.elementor-widget-text-editor.elementor-drop-cap-view-framed .elementor-drop-cap{color:#818a91;border:3px solid;background-color:transparent}.elementor-widget-text-editor:not(.elementor-drop-cap-view-default) .elementor-drop-cap{margin-top:8px}.elementor-widget-text-editor:not(.elementor-drop-cap-view-default) .elementor-drop-cap-letter{width:1em;height:1em}.elementor-widget-text-editor .elementor-drop-cap{float:left;text-align:center;line-height:1;font-size:50px}.elementor-widget-text-editor .elementor-drop-cap-letter{display:inline-block}<\/style>\t\t\t\t<p><span style=\"color: #21aaba;\"><strong>E-mail<\/strong><\/span><\/p>\n<p>geral@greentool.pt<\/p>\n\t\t\t\t\t\t<\/div>\n\t\t\t\t<\/div>\n\t\t\t\t\t<\/div>\n\t\t<\/div>\n\t\t\t\t<div class=\"elementor-column elementor-col-33 elementor-inner-column elementor-element elementor-element-33e1b62\" data-id=\"33e1b62\" data-element_type=\"column\">\n\t\t\t<div class=\"elementor-widget-wrap elementor-element-populated\">\n\t\t\t\t\t\t\t\t<div class=\"elementor-element elementor-element-7cff97d elementor-widget elementor-widget-text-editor\" data-id=\"7cff97d\" data-element_type=\"widget\" data-widget_type=\"text-editor.default\">\n\t\t\t\t<div class=\"elementor-widget-container\">\n\t\t\t\t\t\t\t<p><strong style=\"color: #21aaba; font-size: inherit; font-family: var(--uicore-typography--p-f,'Inter'); font-style: var(--uicore-typography--p-st,'normal'); letter-spacing: var(--uicore-typography--p-ls,'-0.027em'); text-transform: var(--uicore-typography--p-t,'none');\">Phone<\/strong><\/p><p>+351 919 905 393<br \/>+351 218 965 135<\/p>\t\t\t\t\t\t<\/div>\n\t\t\t\t<\/div>\n\t\t\t\t\t<\/div>\n\t\t<\/div>\n\t\t\t\t<div class=\"elementor-column elementor-col-33 elementor-inner-column elementor-element elementor-element-38865ff\" data-id=\"38865ff\" data-element_type=\"column\">\n\t\t\t<div class=\"elementor-widget-wrap elementor-element-populated\">\n\t\t\t\t\t\t\t\t<div class=\"elementor-element elementor-element-c2676a6 elementor-widget elementor-widget-text-editor\" data-id=\"c2676a6\" data-element_type=\"widget\" data-widget_type=\"text-editor.default\">\n\t\t\t\t<div class=\"elementor-widget-container\">\n\t\t\t\t\t\t\t<p><span style=\"color: #21aaba;\"><strong>Address<br \/><\/strong><\/span><\/p><p>Passeio das Gar\u00e7as n\u00ba8A,<br \/>1990-398 Lisboa<\/p>\t\t\t\t\t\t<\/div>\n\t\t\t\t<\/div>\n\t\t\t\t\t<\/div>\n\t\t<\/div>\n\t\t\t\t\t\t\t<\/div>\n\t\t<\/section>\n\t\t\t\t\t<\/div>\n\t\t<\/div>\n\t\t\t\t\t\t\t<\/div>\n\t\t<\/section>\n\t\t\t\t<section class=\"elementor-section elementor-top-section elementor-element elementor-element-8380bb1 elementor-section-boxed elementor-section-height-default elementor-section-height-default\" data-id=\"8380bb1\" data-element_type=\"section\">\n\t\t\t\t\t\t<div class=\"elementor-container elementor-column-gap-default\">\n\t\t\t\t\t<div class=\"elementor-column elementor-col-100 elementor-top-column elementor-element elementor-element-2aa9319\" data-id=\"2aa9319\" data-element_type=\"column\">\n\t\t\t<div class=\"elementor-widget-wrap elementor-element-populated\">\n\t\t\t\t\t\t\t\t<div class=\"elementor-element elementor-element-c049ded elementor-widget elementor-widget-google_maps\" data-id=\"c049ded\" data-element_type=\"widget\" data-widget_type=\"google_maps.default\">\n\t\t\t\t<div class=\"elementor-widget-container\">\n\t\t\t<style>\/*! elementor - v3.8.0 - 30-10-2022 *\/\n.elementor-widget-google_maps .elementor-widget-container{overflow:hidden}.elementor-widget-google_maps iframe{height:300px}<\/style>\t\t<div class=\"elementor-custom-embed\">\n\t\t\t<iframe frameborder=\"0\" scrolling=\"no\" marginheight=\"0\" marginwidth=\"0\"\n\t\t\t\t\tsrc=\"https:\/\/maps.google.com\/maps?q=GreenTool%20-%20Gest%C3%A3o%20de%20Projectos%20e%20Empreendimentos%2C%20Lda&#038;t=m&#038;z=10&#038;output=embed&#038;iwloc=near\"\n\t\t\t\t\ttitle=\"GreenTool - Gest\u00e3o de Projectos e Empreendimentos, Lda\"\n\t\t\t\t\taria-label=\"GreenTool - Gest\u00e3o de Projectos e Empreendimentos, Lda\"\n\t\t\t><\/iframe>\n\t\t<\/div>\n\t\t\t\t<\/div>\n\t\t\t\t<\/div>\n\t\t\t\t\t<\/div>\n\t\t<\/div>\n\t\t\t\t\t\t\t<\/div>\n\t\t<\/section>\n\t\t\t\t\t\t\t<\/div>\n\t\t","protected":false},"excerpt":{"rendered":"<p>Talk to us E-mail geral@greentool.pt Phone +351 919 905 393+351 218 965 135 Address Passeio das Gar\u00e7as n\u00ba8A,1990-398 Lisboa<\/p>\n","protected":false},"author":1,"featured_media":2997,"parent":0,"menu_order":3,"comment_status":"closed","ping_status":"closed","template":"","meta":[],"yoast_head":"<!-- This site is optimized with the Yoast SEO plugin v19.10 - https:\/\/yoast.com\/wordpress\/plugins\/seo\/ -->\n<title>Contact - GreenTool - Gest\u00e3o de Projectos e Investimentos, Lda<\/title>\n<meta name=\"robots\" content=\"index, follow, max-snippet:-1, max-image-preview:large, max-video-preview:-1\" \/>\n<link rel=\"canonical\" href=\"https:\/\/greentool.pt\/en\/contact\/\" \/>\n<meta property=\"og:locale\" content=\"en_US\" \/>\n<meta property=\"og:type\" content=\"article\" \/>\n<meta property=\"og:title\" content=\"Contact - GreenTool - Gest\u00e3o de Projectos e Investimentos, Lda\" \/>\n<meta property=\"og:description\" content=\"Talk to us E-mail geral@greentool.pt Phone +351 919 905 393+351 218 965 135 Address Passeio das Gar\u00e7as n\u00ba8A,1990-398 Lisboa\" \/>\n<meta property=\"og:url\" content=\"https:\/\/greentool.pt\/en\/contact\/\" \/>\n<meta property=\"og:site_name\" content=\"GreenTool - Gest\u00e3o de Projectos e Investimentos, Lda\" \/>\n<meta property=\"article:modified_time\" content=\"2021-11-24T14:43:49+00:00\" \/>\n<meta name=\"twitter:card\" content=\"summary_large_image\" \/>\n<meta name=\"twitter:label1\" content=\"Est. reading time\" \/>\n\t<meta name=\"twitter:data1\" content=\"1 minute\" \/>\n<script type=\"application\/ld+json\" class=\"yoast-schema-graph\">{\"@context\":\"https:\/\/schema.org\",\"@graph\":[{\"@type\":\"WebPage\",\"@id\":\"https:\/\/greentool.pt\/en\/contact\/\",\"url\":\"https:\/\/greentool.pt\/en\/contact\/\",\"name\":\"Contact - GreenTool - Gest\u00e3o de Projectos e Investimentos, Lda\",\"isPartOf\":{\"@id\":\"https:\/\/greentool.pt\/#website\"},\"datePublished\":\"2021-11-10T16:16:50+00:00\",\"dateModified\":\"2021-11-24T14:43:49+00:00\",\"inLanguage\":\"en-US\",\"potentialAction\":[{\"@type\":\"ReadAction\",\"target\":[\"https:\/\/greentool.pt\/en\/contact\/\"]}]},{\"@type\":\"WebSite\",\"@id\":\"https:\/\/greentool.pt\/#website\",\"url\":\"https:\/\/greentool.pt\/\",\"name\":\"GreenTool - Gest\u00e3o de Projectos e Investimentos, Lda\",\"description\":\"Consultoria na \u00c1rea de Engenharia, Arquitectura, Planeamento e Gest\u00e3o.\",\"publisher\":{\"@id\":\"https:\/\/greentool.pt\/#organization\"},\"potentialAction\":[{\"@type\":\"SearchAction\",\"target\":{\"@type\":\"EntryPoint\",\"urlTemplate\":\"https:\/\/greentool.pt\/?s={search_term_string}\"},\"query-input\":\"required name=search_term_string\"}],\"inLanguage\":\"en-US\"},{\"@type\":\"Organization\",\"@id\":\"https:\/\/greentool.pt\/#organization\",\"name\":\"GreenTool - Gestao de Projectos e Investimentos, Lda\",\"url\":\"https:\/\/greentool.pt\/\",\"logo\":{\"@type\":\"ImageObject\",\"inLanguage\":\"en-US\",\"@id\":\"https:\/\/greentool.pt\/#\/schema\/logo\/image\/\",\"url\":\"https:\/\/greentool.pt\/wp-content\/uploads\/2021\/11\/greentool_favicon.png\",\"contentUrl\":\"https:\/\/greentool.pt\/wp-content\/uploads\/2021\/11\/greentool_favicon.png\",\"width\":520,\"height\":520,\"caption\":\"GreenTool - Gestao de Projectos e Investimentos, Lda\"},\"image\":{\"@id\":\"https:\/\/greentool.pt\/#\/schema\/logo\/image\/\"}}]}<\/script>\n<!-- \/ Yoast SEO plugin. -->","yoast_head_json":{"title":"Contact - GreenTool - Gest\u00e3o de Projectos e Investimentos, Lda","robots":{"index":"index","follow":"follow","max-snippet":"max-snippet:-1","max-image-preview":"max-image-preview:large","max-video-preview":"max-video-preview:-1"},"canonical":"https:\/\/greentool.pt\/en\/contact\/","og_locale":"en_US","og_type":"article","og_title":"Contact - GreenTool - Gest\u00e3o de Projectos e Investimentos, Lda","og_description":"Talk to us E-mail geral@greentool.pt Phone +351 919 905 393+351 218 965 135 Address Passeio das Gar\u00e7as n\u00ba8A,1990-398 Lisboa","og_url":"https:\/\/greentool.pt\/en\/contact\/","og_site_name":"GreenTool - Gest\u00e3o de Projectos e Investimentos, Lda","article_modified_time":"2021-11-24T14:43:49+00:00","twitter_card":"summary_large_image","twitter_misc":{"Est. reading time":"1 minute"},"schema":{"@context":"https:\/\/schema.org","@graph":[{"@type":"WebPage","@id":"https:\/\/greentool.pt\/en\/contact\/","url":"https:\/\/greentool.pt\/en\/contact\/","name":"Contact - GreenTool - Gest\u00e3o de Projectos e Investimentos, Lda","isPartOf":{"@id":"https:\/\/greentool.pt\/#website"},"datePublished":"2021-11-10T16:16:50+00:00","dateModified":"2021-11-24T14:43:49+00:00","inLanguage":"en-US","potentialAction":[{"@type":"ReadAction","target":["https:\/\/greentool.pt\/en\/contact\/"]}]},{"@type":"WebSite","@id":"https:\/\/greentool.pt\/#website","url":"https:\/\/greentool.pt\/","name":"GreenTool - Gest\u00e3o de Projectos e Investimentos, Lda","description":"Consultoria na \u00c1rea de Engenharia, Arquitectura, Planeamento e Gest\u00e3o.","publisher":{"@id":"https:\/\/greentool.pt\/#organization"},"potentialAction":[{"@type":"SearchAction","target":{"@type":"EntryPoint","urlTemplate":"https:\/\/greentool.pt\/?s={search_term_string}"},"query-input":"required name=search_term_string"}],"inLanguage":"en-US"},{"@type":"Organization","@id":"https:\/\/greentool.pt\/#organization","name":"GreenTool - Gestao de Projectos e Investimentos, Lda","url":"https:\/\/greentool.pt\/","logo":{"@type":"ImageObject","inLanguage":"en-US","@id":"https:\/\/greentool.pt\/#\/schema\/logo\/image\/","url":"https:\/\/greentool.pt\/wp-content\/uploads\/2021\/11\/greentool_favicon.png","contentUrl":"https:\/\/greentool.pt\/wp-content\/uploads\/2021\/11\/greentool_favicon.png","width":520,"height":520,"caption":"GreenTool - Gestao de Projectos e Investimentos, Lda"},"image":{"@id":"https:\/\/greentool.pt\/#\/schema\/logo\/image\/"}}]}},"_links":{"self":[{"href":"https:\/\/greentool.pt\/en\/wp-json\/wp\/v2\/pages\/1476"}],"collection":[{"href":"https:\/\/greentool.pt\/en\/wp-json\/wp\/v2\/pages"}],"about":[{"href":"https:\/\/greentool.pt\/en\/wp-json\/wp\/v2\/types\/page"}],"author":[{"embeddable":true,"href":"https:\/\/greentool.pt\/en\/wp-json\/wp\/v2\/users\/1"}],"replies":[{"embeddable":true,"href":"https:\/\/greentool.pt\/en\/wp-json\/wp\/v2\/comments?post=1476"}],"version-history":[{"count":0,"href":"https:\/\/greentool.pt\/en\/wp-json\/wp\/v2\/pages\/1476\/revisions"}],"wp:featuredmedia":[{"embeddable":true,"href":"https:\/\/greentool.pt\/en\/wp-json\/wp\/v2\/media\/2997"}],"wp:attachment":[{"href":"https:\/\/greentool.pt\/en\/wp-json\/wp\/v2\/media?parent=1476"}],"curies":[{"name":"wp","href":"https:\/\/api.w.org\/{rel}","templated":true}]}}